{"id":25964,"date":"2021-10-07T13:43:34","date_gmt":"2021-10-07T13:43:34","guid":{"rendered":"https:\/\/pannolinofelice.com\/?post_type=product&#038;p=25964"},"modified":"2023-04-22T09:46:26","modified_gmt":"2023-04-22T09:46:26","slug":"piatto-in-bambu-con-ventosa-gufo","status":"publish","type":"product","link":"https:\/\/pannolinofelice.com\/en\/prodotto\/piatto-in-bambu-con-ventosa-gufo\/","title":{"rendered":"Piatto in bamb\u00f9 con ventosa Gufo"},"content":{"rendered":"<p>Piatto con scomparti a forma di animale ecologico e divertente.<\/p>\n<p>\u00c8 totalmente realizzato in <strong>legno di bamb\u00f9<\/strong> da coltivazione biologica, quindi sicuro per il contatto con gli alimenti. Inoltre il bamb\u00f9 \u00e8 un materiale antibatterico, resistente agli odori, all&#8217;acqua, al calore, alle macchie. Il bamb\u00f9 \u00e8 una pianta <strong>ecologica<\/strong> perch\u00e9 cresce in poco tempo ed il piatto \u00e8 biodegradabile.<\/p>\n<p>Il piatto Eco Rascals \u00e8 dotato di una <strong>base removibile con ventosa<\/strong> in silicone, per fissarlo saldamente al tavolo, evitando rovesciamenti di cibo (involontari o volontari!).<\/p>\n<p>La forma e gli scomparti danno allegria al momento del pasto, suggerendo abbinamenti e storie da raccontare.<\/p>\n<p>\u00c8 possibile <strong>acquistare a parte<\/strong> anche il cucchiaio in bamb\u00f9 con punta in silicone.<\/p>\n<p><strong>Materiale<\/strong>:<\/p>\n<p>&#8211; Bamb\u00f9 biologico<\/p>\n<p>&#8211; Silicone<\/p>\n<p>Non contiene BPA, ftalati, melamina, piombo.<\/p>\n<p><strong>Dimensioni:<\/strong><\/p>\n<p>20,7 x 20,4 x 4,2 cm<\/p>\n<p><strong>Manutenzione:<\/strong><\/p>\n<p>Prima dell&#8217;uso lavare con acqua tiepida e detersivo per piatti, poi risciacquare. Successivamente lavare a mano dopo ogni utilizzo. Evitare di inserire il piatto in lavastoviglie, forno, sterlizzatore, forno a microonde. Per una maggiore durata ogni tre mesi \u00e8 possibile ungerlo con olio di cocco e lasciarlo asciugare tutta la notte.<\/p>\n<p><iframe title=\"How to look after your eco rascals bamboo plates and bowls\" width=\"500\" height=\"281\" src=\"https:\/\/www.youtube.com\/embed\/MiaC3yp_8us?feature=oembed\" frameborder=\"0\" allow=\"accelerometer; autoplay; clipboard-write; encrypted-media; gyroscope; picture-in-picture; web-share\" allowfullscreen><\/iframe><\/p>\n","protected":false},"excerpt":{"rendered":"<p>Piatto con scomparti in legno di bamb\u00f9<\/p>\n","protected":false},"featured_media":25945,"comment_status":"open","ping_status":"closed","template":"","meta":[],"pwb-brand":[2153],"product_cat":[598],"product_tag":[1400],"acf":[],"yoast_head":"<!-- This site is optimized with the Yoast SEO plugin v21.8.1 - https:\/\/yoast.com\/wordpress\/plugins\/seo\/ -->\n<title>Piatto in bamb\u00f9 con ventosa Gufo &#183; Pannolinofelice<\/title>\n<meta name=\"robots\" content=\"index, follow, max-snippet:-1, max-image-preview:large, max-video-preview:-1\" \/>\n<link rel=\"canonical\" href=\"https:\/\/pannolinofelice.com\/en\/prodotto\/piatto-in-bambu-con-ventosa-gufo\/\" \/>\n<meta property=\"og:locale\" content=\"en_US\" \/>\n<meta property=\"og:type\" content=\"article\" \/>\n<meta property=\"og:title\" content=\"Piatto in bamb\u00f9 con ventosa Gufo &#183; Pannolinofelice\" \/>\n<meta property=\"og:description\" content=\"Piatto con scomparti in legno di bamb\u00f9\" \/>\n<meta property=\"og:url\" content=\"https:\/\/pannolinofelice.com\/en\/prodotto\/piatto-in-bambu-con-ventosa-gufo\/\" \/>\n<meta property=\"og:site_name\" content=\"Pannolinofelice\" \/>\n<meta property=\"article:publisher\" content=\"https:\/\/www.facebook.com\/pannolinofelice\/\" \/>\n<meta property=\"article:modified_time\" content=\"2023-04-22T09:46:26+00:00\" \/>\n<meta property=\"og:image\" content=\"https:\/\/pannolinofelice.com\/wp-content\/uploads\/2021\/10\/piatto-eco-rascals-civetta-verde-bambu.jpg\" \/>\n\t<meta property=\"og:image:width\" content=\"800\" \/>\n\t<meta property=\"og:image:height\" content=\"1000\" \/>\n\t<meta property=\"og:image:type\" content=\"image\/jpeg\" \/>\n<meta name=\"twitter:card\" content=\"summary_large_image\" \/>\n<meta name=\"twitter:site\" content=\"@Pannolinofelice\" \/>\n<meta name=\"twitter:label1\" content=\"Est. reading time\" \/>\n\t<meta name=\"twitter:data1\" content=\"1 minute\" \/>\n<script type=\"application\/ld+json\" class=\"yoast-schema-graph\">{\"@context\":\"https:\/\/schema.org\",\"@graph\":[{\"@type\":\"WebPage\",\"@id\":\"https:\/\/pannolinofelice.com\/en\/prodotto\/piatto-in-bambu-con-ventosa-gufo\/\",\"url\":\"https:\/\/pannolinofelice.com\/en\/prodotto\/piatto-in-bambu-con-ventosa-gufo\/\",\"name\":\"Piatto in bamb\u00f9 con ventosa Gufo &#183; Pannolinofelice\",\"isPartOf\":{\"@id\":\"https:\/\/pannolinofelice.com\/en\/#website\"},\"datePublished\":\"2021-10-07T13:43:34+00:00\",\"dateModified\":\"2023-04-22T09:46:26+00:00\",\"breadcrumb\":{\"@id\":\"https:\/\/pannolinofelice.com\/en\/prodotto\/piatto-in-bambu-con-ventosa-gufo\/#breadcrumb\"},\"inLanguage\":\"en-US\",\"potentialAction\":[{\"@type\":\"ReadAction\",\"target\":[\"https:\/\/pannolinofelice.com\/en\/prodotto\/piatto-in-bambu-con-ventosa-gufo\/\"]}]},{\"@type\":\"BreadcrumbList\",\"@id\":\"https:\/\/pannolinofelice.com\/en\/prodotto\/piatto-in-bambu-con-ventosa-gufo\/#breadcrumb\",\"itemListElement\":[{\"@type\":\"ListItem\",\"position\":1,\"name\":\"Home\",\"item\":\"https:\/\/pannolinofelice.com\/en\/\"},{\"@type\":\"ListItem\",\"position\":2,\"name\":\"Shop\",\"item\":\"https:\/\/pannolinofelice.com\/en\/shop\/\"},{\"@type\":\"ListItem\",\"position\":3,\"name\":\"Piatto in bamb\u00f9 con ventosa Gufo\"}]},{\"@type\":\"WebSite\",\"@id\":\"https:\/\/pannolinofelice.com\/en\/#website\",\"url\":\"https:\/\/pannolinofelice.com\/en\/\",\"name\":\"Pannolinofelice\",\"description\":\"Washable nappies, organic clothing for children, swaddling clothes for carrying babies\",\"potentialAction\":[{\"@type\":\"SearchAction\",\"target\":{\"@type\":\"EntryPoint\",\"urlTemplate\":\"https:\/\/pannolinofelice.com\/en\/?s={search_term_string}\"},\"query-input\":\"required name=search_term_string\"}],\"inLanguage\":\"en-US\"}]}<\/script>\n<!-- \/ Yoast SEO plugin. -->","yoast_head_json":{"title":"Piatto in bamb\u00f9 con ventosa Gufo &#183; Pannolinofelice","robots":{"index":"index","follow":"follow","max-snippet":"max-snippet:-1","max-image-preview":"max-image-preview:large","max-video-preview":"max-video-preview:-1"},"canonical":"https:\/\/pannolinofelice.com\/en\/prodotto\/piatto-in-bambu-con-ventosa-gufo\/","og_locale":"en_US","og_type":"article","og_title":"Piatto in bamb\u00f9 con ventosa Gufo &#183; Pannolinofelice","og_description":"Piatto con scomparti in legno di bamb\u00f9","og_url":"https:\/\/pannolinofelice.com\/en\/prodotto\/piatto-in-bambu-con-ventosa-gufo\/","og_site_name":"Pannolinofelice","article_publisher":"https:\/\/www.facebook.com\/pannolinofelice\/","article_modified_time":"2023-04-22T09:46:26+00:00","og_image":[{"width":800,"height":1000,"url":"https:\/\/pannolinofelice.com\/wp-content\/uploads\/2021\/10\/piatto-eco-rascals-civetta-verde-bambu.jpg","type":"image\/jpeg"}],"twitter_card":"summary_large_image","twitter_site":"@Pannolinofelice","twitter_misc":{"Est. reading time":"1 minute"},"schema":{"@context":"https:\/\/schema.org","@graph":[{"@type":"WebPage","@id":"https:\/\/pannolinofelice.com\/en\/prodotto\/piatto-in-bambu-con-ventosa-gufo\/","url":"https:\/\/pannolinofelice.com\/en\/prodotto\/piatto-in-bambu-con-ventosa-gufo\/","name":"Piatto in bamb\u00f9 con ventosa Gufo &#183; Pannolinofelice","isPartOf":{"@id":"https:\/\/pannolinofelice.com\/en\/#website"},"datePublished":"2021-10-07T13:43:34+00:00","dateModified":"2023-04-22T09:46:26+00:00","breadcrumb":{"@id":"https:\/\/pannolinofelice.com\/en\/prodotto\/piatto-in-bambu-con-ventosa-gufo\/#breadcrumb"},"inLanguage":"en-US","potentialAction":[{"@type":"ReadAction","target":["https:\/\/pannolinofelice.com\/en\/prodotto\/piatto-in-bambu-con-ventosa-gufo\/"]}]},{"@type":"BreadcrumbList","@id":"https:\/\/pannolinofelice.com\/en\/prodotto\/piatto-in-bambu-con-ventosa-gufo\/#breadcrumb","itemListElement":[{"@type":"ListItem","position":1,"name":"Home","item":"https:\/\/pannolinofelice.com\/en\/"},{"@type":"ListItem","position":2,"name":"Shop","item":"https:\/\/pannolinofelice.com\/en\/shop\/"},{"@type":"ListItem","position":3,"name":"Piatto in bamb\u00f9 con ventosa Gufo"}]},{"@type":"WebSite","@id":"https:\/\/pannolinofelice.com\/en\/#website","url":"https:\/\/pannolinofelice.com\/en\/","name":"Pannolinofelice","description":"Washable nappies, organic clothing for children, swaddling clothes for carrying babies","potentialAction":[{"@type":"SearchAction","target":{"@type":"EntryPoint","urlTemplate":"https:\/\/pannolinofelice.com\/en\/?s={search_term_string}"},"query-input":"required name=search_term_string"}],"inLanguage":"en-US"}]}},"brands":[{"id":2153,"name":"Eco Rascals","slug":"eco-rascals"}],"_links":{"self":[{"href":"https:\/\/pannolinofelice.com\/en\/wp-json\/wp\/v2\/product\/25964"}],"collection":[{"href":"https:\/\/pannolinofelice.com\/en\/wp-json\/wp\/v2\/product"}],"about":[{"href":"https:\/\/pannolinofelice.com\/en\/wp-json\/wp\/v2\/types\/product"}],"replies":[{"embeddable":true,"href":"https:\/\/pannolinofelice.com\/en\/wp-json\/wp\/v2\/comments?post=25964"}],"wp:featuredmedia":[{"embeddable":true,"href":"https:\/\/pannolinofelice.com\/en\/wp-json\/wp\/v2\/media\/25945"}],"wp:attachment":[{"href":"https:\/\/pannolinofelice.com\/en\/wp-json\/wp\/v2\/media?parent=25964"}],"wp:term":[{"taxonomy":"pwb-brand","embeddable":true,"href":"https:\/\/pannolinofelice.com\/en\/wp-json\/wp\/v2\/pwb-brand?post=25964"},{"taxonomy":"product_cat","embeddable":true,"href":"https:\/\/pannolinofelice.com\/en\/wp-json\/wp\/v2\/product_cat?post=25964"},{"taxonomy":"product_tag","embeddable":true,"href":"https:\/\/pannolinofelice.com\/en\/wp-json\/wp\/v2\/product_tag?post=25964"}],"curies":[{"name":"wp","href":"https:\/\/api.w.org\/{rel}","templated":true}]}}